{"id":902,"date":"2022-08-01T00:09:27","date_gmt":"2022-08-01T00:09:27","guid":{"rendered":"https:\/\/belmontweds.com\/?page_id=902"},"modified":"2022-08-16T18:30:44","modified_gmt":"2022-08-16T18:30:44","slug":"about","status":"publish","type":"page","link":"https:\/\/belmontweds.com\/es\/about\/","title":{"rendered":"Info"},"content":{"rendered":"<div id='av-layout-grid-1'  class='av-layout-grid-container entry-content-wrapper header_color av-flex-cells     avia-builder-el-0  avia-builder-el-no-sibling  container_wrap fullsize' style=' '  >\n<div class=\"flex_cell no_margin av_one_third  avia-builder-el-1  el_before_av_cell_one_third  avia-builder-el-first\" ><div class='flex_cell_inner' ><div class=\"flex_column av_one_full  flex_column_div av-zero-column-padding first  avia-builder-el-2  avia-builder-el-no-sibling\" style='border-radius:0px; '><p><div  class='avia-image-container  av-styling-    avia-builder-el-3  el_before_av_textblock  avia-builder-el-first  avia-align-center'  itemprop=\"image\" itemscope=\"itemscope\" itemtype=\"https:\/\/schema.org\/ImageObject\"  ><div class='avia-image-container-inner'><div class='avia-image-overlay-wrap'><img class='avia_image' src='https:\/\/belmontweds.com\/wp-content\/uploads\/2022\/08\/Retrato-Andrea-Belmont-2-773x1030.jpg' alt='' title='' height=\"1030\" width=\"773\"  itemprop=\"thumbnailUrl\"  \/><\/div><\/div><\/div><br \/>\n<section class=\"av_textblock_section\"  itemscope=\"itemscope\" itemtype=\"https:\/\/schema.org\/CreativeWork\" ><div class='avia_textblock'   itemprop=\"text\" ><\/div><\/section><\/p><\/div>\n<\/div><\/div><div class=\"flex_cell no_margin av_one_third  avia-builder-el-5  el_after_av_cell_one_third  el_before_av_cell_one_third\" ><div class='flex_cell_inner' ><div class=\"flex_column av_one_full  flex_column_div av-zero-column-padding first  avia-builder-el-6  avia-builder-el-no-sibling\" style='border-radius:0px; '><section class=\"av_textblock_section\"  itemscope=\"itemscope\" itemtype=\"https:\/\/schema.org\/CreativeWork\" ><div class='avia_textblock'   itemprop=\"text\" ><p class=\"p1\">Desde ni\u00f1a me cautiv\u00f3 la belleza en esos detalles que nadie ve, los contemplaba y\nme dejaba deslumbrar por ellos durante horas. En el gesto delicado, en las\nmiradas disimuladas, en esos escenarios espontaneos que de no estar atento se\nte escapan en un instante.<\/p>\n<p class=\"p1\">Si tuviera que describir el estilo de mis fotograf\u00edas, dir\u00eda que es justo as\u00ed, todo se reduce a lograr atrapar esa belleza detr\u00e1s de la espontaneidad del momento.<\/p>\n<p class=\"p1\">Como fot\u00f3grafa de tu boda me tendr\u00e1s de c\u00f3mplice y las fotos van a fluir casi sin\nque te des cuenta. \u2665<\/p>\n<p class=\"p1\">\u00a1Me desplazo para tu sesi\u00f3n \/ boda hasta donde t\u00fa quieras!<\/p>\n<\/div><\/section><br \/>\n<section class=\"av_textblock_section\"  itemscope=\"itemscope\" itemtype=\"https:\/\/schema.org\/CreativeWork\" ><div class='avia_textblock'   itemprop=\"text\" ><p><br class=\"avia-permanent-lb\" \/><br class=\"avia-permanent-lb\" \/><br class=\"avia-permanent-lb\" \/><br class=\"avia-permanent-lb\" \/><br class=\"avia-permanent-lb\" \/><\/p>\n<\/div><\/section><br \/>\n<span  class=\"av_font_icon avia_animate_when_visible av-icon-style-  avia-icon-pos-center\" style=\"color:#000000; border-color:#000000;\"><a href='https:\/\/www.instagram.com\/belmont.weds\/'  target=\"_blank\"   class='av-icon-char' style='font-size:30px;line-height:30px;' aria-hidden='true' data-av_icon='\ue909' data-av_iconfont='entypo-fontello' ><\/a><\/span><br \/>\n<section class=\"av_textblock_section\"  itemscope=\"itemscope\" itemtype=\"https:\/\/schema.org\/CreativeWork\" ><div class='avia_textblock'   itemprop=\"text\" ><p style=\"text-align: center;\"><a href=\"https:\/\/www.instagram.com\/belmont.weds\/\" target=\"_blank\" rel=\"noopener\">@belmont.weds<\/a><\/p>\n<\/div><\/section><\/p><\/div>\n<\/div><\/div><div class=\"flex_cell no_margin av_one_third  avia-builder-el-11  el_after_av_cell_one_third  avia-builder-el-last\" style='vertical-align:top; padding:30px; '><div class='flex_cell_inner' ><div class=\"flex_column av_two_fifth  flex_column_div av-zero-column-padding first  avia-builder-el-12  avia-builder-el-no-sibling\" style='border-radius:0px; '><\/div>\n<\/div><\/div><\/div>","protected":false},"excerpt":{"rendered":"","protected":false},"author":1,"featured_media":0,"parent":0,"menu_order":0,"comment_status":"closed","ping_status":"closed","template":"","meta":[],"_links":{"self":[{"href":"https:\/\/belmontweds.com\/es\/wp-json\/wp\/v2\/pages\/902"}],"collection":[{"href":"https:\/\/belmontweds.com\/es\/wp-json\/wp\/v2\/pages"}],"about":[{"href":"https:\/\/belmontweds.com\/es\/wp-json\/wp\/v2\/types\/page"}],"author":[{"embeddable":true,"href":"https:\/\/belmontweds.com\/es\/wp-json\/wp\/v2\/users\/1"}],"replies":[{"embeddable":true,"href":"https:\/\/belmontweds.com\/es\/wp-json\/wp\/v2\/comments?post=902"}],"version-history":[{"count":34,"href":"https:\/\/belmontweds.com\/es\/wp-json\/wp\/v2\/pages\/902\/revisions"}],"predecessor-version":[{"id":1340,"href":"https:\/\/belmontweds.com\/es\/wp-json\/wp\/v2\/pages\/902\/revisions\/1340"}],"wp:attachment":[{"href":"https:\/\/belmontweds.com\/es\/wp-json\/wp\/v2\/media?parent=902"}],"curies":[{"name":"wp","href":"https:\/\/api.w.org\/{rel}","templated":true}]}}